{"id":162,"date":"2009-07-19T19:06:54","date_gmt":"2009-07-19T17:06:54","guid":{"rendered":"http:\/\/bioenergie-technik.net\/?page_id=162"},"modified":"2018-05-21T21:37:34","modified_gmt":"2018-05-21T19:37:34","slug":"2006-zyklon","status":"publish","type":"page","link":"http:\/\/bioenergie-technik.net\/?page_id=162","title":{"rendered":"2006 Zyklon"},"content":{"rendered":"<p>Um eine bayerische Ausnahmegenehmigung f\u00fcr meine Getreideheizung zu erlangen, verlangten die Beh\u00f6rden eine Kesselpr\u00fcfung in Anlehnung an DIN EN 303 Teil 5 durch eine anerkannte Pr\u00fcfstelle, bei der ein Staubwert von 75mg\/m\u00b3 zu unterschreiten war. Dies war mit einem einstufigen Filter nicht sicher zu erreichen. Der vorhandene &#8222;Rollenfilter&#8220; wurde daher durch eine Art Zyklon mit eingebauter Hochspannungselektrode (gro\u00dfe Drahtb\u00fcrste) erg\u00e4nzt.<\/p>\n\n\t\t<style type=\"text\/css\">\n\t\t\t#gallery-1 {\n\t\t\t\tmargin: auto;\n\t\t\t}\n\t\t\t#gallery-1 .gallery-item {\n\t\t\t\tfloat: left;\n\t\t\t\tmargin-top: 10px;\n\t\t\t\ttext-align: center;\n\t\t\t\twidth: 50%;\n\t\t\t}\n\t\t\t#gallery-1 img {\n\t\t\t\tborder: 2px solid #cfcfcf;\n\t\t\t}\n\t\t\t#gallery-1 .gallery-caption {\n\t\t\t\tmargin-left: 0;\n\t\t\t}\n\t\t\t\/* see gallery_shortcode() in wp-includes\/media.php *\/\n\t\t<\/style>\n\t\t<div id='gallery-1' class='gallery galleryid-162 gallery-columns-2 gallery-size-thumbnail'><dl class='gallery-item'>\n\t\t\t<dt class='gallery-icon portrait'>\n\t\t\t\t<a href='http:\/\/bioenergie-technik.net\/wp-content\/image005.jpg'><img width=\"250\" height=\"250\" src=\"http:\/\/bioenergie-technik.net\/wp-content\/image005-250x250.jpg\" class=\"attachment-thumbnail size-thumbnail\" alt=\"\" loading=\"lazy\" \/><\/a>\n\t\t\t<\/dt><\/dl><dl class='gallery-item'>\n\t\t\t<dt class='gallery-icon portrait'>\n\t\t\t\t<a href='http:\/\/bioenergie-technik.net\/wp-content\/image006.jpg'><img width=\"250\" height=\"250\" src=\"http:\/\/bioenergie-technik.net\/wp-content\/image006-250x250.jpg\" class=\"attachment-thumbnail size-thumbnail\" alt=\"\" loading=\"lazy\" \/><\/a>\n\t\t\t<\/dt><\/dl><br style=\"clear: both\" \/><dl class='gallery-item'>\n\t\t\t<dt class='gallery-icon portrait'>\n\t\t\t\t<a href='http:\/\/bioenergie-technik.net\/wp-content\/image002.jpg'><img width=\"250\" height=\"250\" src=\"http:\/\/bioenergie-technik.net\/wp-content\/image002-250x250.jpg\" class=\"attachment-thumbnail size-thumbnail\" alt=\"\" loading=\"lazy\" \/><\/a>\n\t\t\t<\/dt><\/dl><dl class='gallery-item'>\n\t\t\t<dt class='gallery-icon portrait'>\n\t\t\t\t<a href='http:\/\/bioenergie-technik.net\/wp-content\/image009.jpg'><img width=\"250\" height=\"250\" src=\"http:\/\/bioenergie-technik.net\/wp-content\/image009-250x250.jpg\" class=\"attachment-thumbnail size-thumbnail\" alt=\"\" loading=\"lazy\" \/><\/a>\n\t\t\t<\/dt><\/dl><br style=\"clear: both\" \/><dl class='gallery-item'>\n\t\t\t<dt class='gallery-icon portrait'>\n\t\t\t\t<a href='http:\/\/bioenergie-technik.net\/wp-content\/image010.jpg'><img width=\"250\" height=\"250\" src=\"http:\/\/bioenergie-technik.net\/wp-content\/image010-250x250.jpg\" class=\"attachment-thumbnail size-thumbnail\" alt=\"\" loading=\"lazy\" \/><\/a>\n\t\t\t<\/dt><\/dl><dl class='gallery-item'>\n\t\t\t<dt class='gallery-icon portrait'>\n\t\t\t\t<a href='http:\/\/bioenergie-technik.net\/wp-content\/image008.jpg'><img width=\"250\" height=\"250\" src=\"http:\/\/bioenergie-technik.net\/wp-content\/image008-250x250.jpg\" class=\"attachment-thumbnail size-thumbnail\" alt=\"\" loading=\"lazy\" \/><\/a>\n\t\t\t<\/dt><\/dl><br style=\"clear: both\" \/><dl class='gallery-item'>\n\t\t\t<dt class='gallery-icon portrait'>\n\t\t\t\t<a href='http:\/\/bioenergie-technik.net\/wp-content\/image011.jpg'><img width=\"250\" height=\"250\" src=\"http:\/\/bioenergie-technik.net\/wp-content\/image011-250x250.jpg\" class=\"attachment-thumbnail size-thumbnail\" alt=\"\" loading=\"lazy\" \/><\/a>\n\t\t\t<\/dt><\/dl><dl class='gallery-item'>\n\t\t\t<dt class='gallery-icon portrait'>\n\t\t\t\t<a href='http:\/\/bioenergie-technik.net\/wp-content\/image013.jpg'><img width=\"250\" height=\"250\" src=\"http:\/\/bioenergie-technik.net\/wp-content\/image013-250x250.jpg\" class=\"attachment-thumbnail size-thumbnail\" alt=\"\" loading=\"lazy\" \/><\/a>\n\t\t\t<\/dt><\/dl><br style=\"clear: both\" \/>\n\t\t<\/div>\n\n","protected":false},"excerpt":{"rendered":"<p>Um eine bayerische Ausnahmegenehmigung f\u00fcr meine Getreideheizung zu erlangen, verlangten die Beh\u00f6rden eine Kesselpr\u00fcfung in Anlehnung an DIN EN 303 Teil 5 durch eine anerkannte Pr\u00fcfstelle, bei der ein Staubwert von 75mg\/m\u00b3 zu unterschreiten war. Dies war mit einem einstufigen &hellip; <a href=\"http:\/\/bioenergie-technik.net\/?page_id=162\">Weiterlesen <span class=\"meta-nav\">&rarr;<\/span><\/a><\/p>\n","protected":false},"author":1,"featured_media":0,"parent":0,"menu_order":7,"comment_status":"open","ping_status":"open","template":"","meta":[],"_links":{"self":[{"href":"http:\/\/bioenergie-technik.net\/index.php?rest_route=\/wp\/v2\/pages\/162"}],"collection":[{"href":"http:\/\/bioenergie-technik.net\/index.php?rest_route=\/wp\/v2\/pages"}],"about":[{"href":"http:\/\/bioenergie-technik.net\/index.php?rest_route=\/wp\/v2\/types\/page"}],"author":[{"embeddable":true,"href":"http:\/\/bioenergie-technik.net\/index.php?rest_route=\/wp\/v2\/users\/1"}],"replies":[{"embeddable":true,"href":"http:\/\/bioenergie-technik.net\/index.php?rest_route=%2Fwp%2Fv2%2Fcomments&post=162"}],"version-history":[{"count":7,"href":"http:\/\/bioenergie-technik.net\/index.php?rest_route=\/wp\/v2\/pages\/162\/revisions"}],"predecessor-version":[{"id":329,"href":"http:\/\/bioenergie-technik.net\/index.php?rest_route=\/wp\/v2\/pages\/162\/revisions\/329"}],"wp:attachment":[{"href":"http:\/\/bioenergie-technik.net\/index.php?rest_route=%2Fwp%2Fv2%2Fmedia&parent=162"}],"curies":[{"name":"wp","href":"https:\/\/api.w.org\/{rel}","templated":true}]}}