{"id":195,"date":"2009-07-19T20:59:09","date_gmt":"2009-07-19T18:59:09","guid":{"rendered":"http:\/\/bioenergie-technik.net\/?page_id=195"},"modified":"2018-05-21T21:37:34","modified_gmt":"2018-05-21T19:37:34","slug":"2006-rohrfilter-1","status":"publish","type":"page","link":"http:\/\/bioenergie-technik.net\/?page_id=195","title":{"rendered":"2006 Rohrfilter"},"content":{"rendered":"<p>Ermutigt durch den Zyklon-Filter, der trotz des gro\u00dfen Rohrdurchmessers eine gute Wirkung zeigte und mit dem Ziel Kosten einzusparen, lie\u00df ich ein weiteres Filtergeh\u00e4use anfertigen.\u00a0 Ein stehendes und sich drehendes Rohr mit 25cm Durchmesser als Abscheidefl\u00e4che und eine h\u00e4ngende Spr\u00fchelektrode.<\/p>\n\n\t\t<style type=\"text\/css\">\n\t\t\t#gallery-1 {\n\t\t\t\tmargin: auto;\n\t\t\t}\n\t\t\t#gallery-1 .gallery-item {\n\t\t\t\tfloat: left;\n\t\t\t\tmargin-top: 10px;\n\t\t\t\ttext-align: center;\n\t\t\t\twidth: 50%;\n\t\t\t}\n\t\t\t#gallery-1 img {\n\t\t\t\tborder: 2px solid #cfcfcf;\n\t\t\t}\n\t\t\t#gallery-1 .gallery-caption {\n\t\t\t\tmargin-left: 0;\n\t\t\t}\n\t\t\t\/* see gallery_shortcode() in wp-includes\/media.php *\/\n\t\t<\/style>\n\t\t<div id='gallery-1' class='gallery galleryid-195 gallery-columns-2 gallery-size-thumbnail'><dl class='gallery-item'>\n\t\t\t<dt class='gallery-icon landscape'>\n\t\t\t\t<a href='http:\/\/bioenergie-technik.net\/wp-content\/schwarz6.jpg'><img width=\"250\" height=\"250\" src=\"http:\/\/bioenergie-technik.net\/wp-content\/schwarz6-250x250.jpg\" class=\"attachment-thumbnail size-thumbnail\" alt=\"\" loading=\"lazy\" \/><\/a>\n\t\t\t<\/dt><\/dl><dl class='gallery-item'>\n\t\t\t<dt class='gallery-icon landscape'>\n\t\t\t\t<a href='http:\/\/bioenergie-technik.net\/wp-content\/schwarz5.jpg'><img width=\"250\" height=\"250\" src=\"http:\/\/bioenergie-technik.net\/wp-content\/schwarz5-250x250.jpg\" class=\"attachment-thumbnail size-thumbnail\" alt=\"\" loading=\"lazy\" \/><\/a>\n\t\t\t<\/dt><\/dl><br style=\"clear: both\" \/><dl class='gallery-item'>\n\t\t\t<dt class='gallery-icon landscape'>\n\t\t\t\t<a href='http:\/\/bioenergie-technik.net\/wp-content\/schwarz4.jpg'><img width=\"250\" height=\"250\" src=\"http:\/\/bioenergie-technik.net\/wp-content\/schwarz4-250x250.jpg\" class=\"attachment-thumbnail size-thumbnail\" alt=\"\" loading=\"lazy\" \/><\/a>\n\t\t\t<\/dt><\/dl><dl class='gallery-item'>\n\t\t\t<dt class='gallery-icon portrait'>\n\t\t\t\t<a href='http:\/\/bioenergie-technik.net\/wp-content\/schwarz3.jpg'><img width=\"250\" height=\"250\" src=\"http:\/\/bioenergie-technik.net\/wp-content\/schwarz3-250x250.jpg\" class=\"attachment-thumbnail size-thumbnail\" alt=\"\" loading=\"lazy\" \/><\/a>\n\t\t\t<\/dt><\/dl><br style=\"clear: both\" \/><dl class='gallery-item'>\n\t\t\t<dt class='gallery-icon portrait'>\n\t\t\t\t<a href='http:\/\/bioenergie-technik.net\/wp-content\/schwarz2.jpg'><img width=\"250\" height=\"250\" src=\"http:\/\/bioenergie-technik.net\/wp-content\/schwarz2-250x250.jpg\" class=\"attachment-thumbnail size-thumbnail\" alt=\"\" loading=\"lazy\" \/><\/a>\n\t\t\t<\/dt><\/dl><dl class='gallery-item'>\n\t\t\t<dt class='gallery-icon portrait'>\n\t\t\t\t<a href='http:\/\/bioenergie-technik.net\/wp-content\/schwarz1.jpg'><img width=\"250\" height=\"250\" src=\"http:\/\/bioenergie-technik.net\/wp-content\/schwarz1-250x250.jpg\" class=\"attachment-thumbnail size-thumbnail\" alt=\"\" loading=\"lazy\" \/><\/a>\n\t\t\t<\/dt><\/dl><br style=\"clear: both\" \/>\n\t\t<\/div>\n\n<p style=\"text-align: center;\">\n","protected":false},"excerpt":{"rendered":"<p>Ermutigt durch den Zyklon-Filter, der trotz des gro\u00dfen Rohrdurchmessers eine gute Wirkung zeigte und mit dem Ziel Kosten einzusparen, lie\u00df ich ein weiteres Filtergeh\u00e4use anfertigen.\u00a0 Ein stehendes und sich drehendes Rohr mit 25cm Durchmesser als Abscheidefl\u00e4che und eine h\u00e4ngende Spr\u00fchelektrode.<\/p>\n","protected":false},"author":1,"featured_media":0,"parent":0,"menu_order":6,"comment_status":"open","ping_status":"open","template":"","meta":[],"_links":{"self":[{"href":"http:\/\/bioenergie-technik.net\/index.php?rest_route=\/wp\/v2\/pages\/195"}],"collection":[{"href":"http:\/\/bioenergie-technik.net\/index.php?rest_route=\/wp\/v2\/pages"}],"about":[{"href":"http:\/\/bioenergie-technik.net\/index.php?rest_route=\/wp\/v2\/types\/page"}],"author":[{"embeddable":true,"href":"http:\/\/bioenergie-technik.net\/index.php?rest_route=\/wp\/v2\/users\/1"}],"replies":[{"embeddable":true,"href":"http:\/\/bioenergie-technik.net\/index.php?rest_route=%2Fwp%2Fv2%2Fcomments&post=195"}],"version-history":[{"count":6,"href":"http:\/\/bioenergie-technik.net\/index.php?rest_route=\/wp\/v2\/pages\/195\/revisions"}],"predecessor-version":[{"id":197,"href":"http:\/\/bioenergie-technik.net\/index.php?rest_route=\/wp\/v2\/pages\/195\/revisions\/197"}],"wp:attachment":[{"href":"http:\/\/bioenergie-technik.net\/index.php?rest_route=%2Fwp%2Fv2%2Fmedia&parent=195"}],"curies":[{"name":"wp","href":"https:\/\/api.w.org\/{rel}","templated":true}]}}