{"id":2,"date":"2009-05-29T21:52:24","date_gmt":"2009-05-29T19:52:24","guid":{"rendered":"http:\/\/bioenergie-technik.net\/?page_id=2"},"modified":"2018-05-21T21:37:34","modified_gmt":"2018-05-21T19:37:34","slug":"ueber-mich","status":"publish","type":"page","link":"http:\/\/bioenergie-technik.net\/","title":{"rendered":"Home"},"content":{"rendered":"<p>Das Bundeskabinett hat in seiner Sitzung am 20. Mai 2009 den Verordnungsentwurf  f\u00fcr kleine und mittlere Feuerungsanlagen \u2013 1. BImSchV beschlossen.  Der Staubgrenzwert f\u00fcr Neuanlagen betr\u00e4gt bis 2014 100mg\/m\u00b3 ab dann <strong>20  mg\/m\u00b3<\/strong>.\u00a0 <a title=\"http:\/\/www.bmu.de\" href=\"http:\/\/www.bmu.de\/luftreinhaltung\/downloads\/doc\/39616.php\" target=\"_blank\">http:\/\/www.bmu.de\/luftreinhaltung\/downloads\/doc\/39616.php<\/a><\/p>\n<p><strong>Damit fordert man von einem 4kW Holz-Kessel die gleichen Abgaswerte, wie sie derzeit von gro\u00dfen M\u00fcllverbrennungsanlagen eingehalten werden m\u00fcssen: <a title=\"17. BImSchV\" href=\"http:\/\/bundesrecht.juris.de\/bimschv_17\/__5.html\" target=\"_blank\">17. BImSchV <\/a><\/strong><\/p>\n<p>Das Verbrennen von M\u00fcll ist aber bekanntlich wegen dieser strengen Abgasvorschriften unrentabel. Es muss \u00fcber hohe (M\u00fcll-)Geb\u00fchren subventioniert werden. Da viele St\u00e4dte solche M\u00fcllverbrennungsanlagen betreiben, ist den Politikern dieser Sachverhalt auch bekannt.\u00a0 Es ist daher naheliegend, dass die\u00a0 extrem strengen Abgaswerte in der neuen 1. BImSchV gezielt so festgesetzt wurden, um damit das Verheizen von Biomasse unrentabel zu machen.<\/p>\n<p style=\"text-align: center;\"><a href=\"http:\/\/bioenergie-technik.net\/wp-content\/staubgrenzwerte1.jpg\"><img loading=\"lazy\" class=\"aligncenter size-full wp-image-269\" title=\"staubgrenzwerte\" src=\"http:\/\/bioenergie-technik.net\/wp-content\/staubgrenzwerte1.jpg\" alt=\"staubgrenzwerte\" width=\"560\" height=\"367\" srcset=\"http:\/\/bioenergie-technik.net\/wp-content\/staubgrenzwerte1.jpg 933w, http:\/\/bioenergie-technik.net\/wp-content\/staubgrenzwerte1-300x196.jpg 300w\" sizes=\"(max-width: 560px) 100vw, 560px\" \/><\/a><\/p>\n<p style=\"text-align: center;\">\n<p style=\"text-align: center;\">Diese Seiten dokumentieren die Entwicklung einer Staubabscheideeinrichtung f\u00fcr kleine Biomasseheizkessel.<\/p>\n","protected":false},"excerpt":{"rendered":"<p>Das Bundeskabinett hat in seiner Sitzung am 20. Mai 2009 den Verordnungsentwurf f\u00fcr kleine und mittlere Feuerungsanlagen \u2013 1. BImSchV beschlossen. Der Staubgrenzwert f\u00fcr Neuanlagen betr\u00e4gt bis 2014 100mg\/m\u00b3 ab dann 20 mg\/m\u00b3.\u00a0 http:\/\/www.bmu.de\/luftreinhaltung\/downloads\/doc\/39616.php Damit fordert man von einem 4kW &hellip; <a href=\"http:\/\/bioenergie-technik.net\/\">Weiterlesen <span class=\"meta-nav\">&rarr;<\/span><\/a><\/p>\n","protected":false},"author":1,"featured_media":0,"parent":0,"menu_order":9,"comment_status":"open","ping_status":"open","template":"","meta":[],"_links":{"self":[{"href":"http:\/\/bioenergie-technik.net\/index.php?rest_route=\/wp\/v2\/pages\/2"}],"collection":[{"href":"http:\/\/bioenergie-technik.net\/index.php?rest_route=\/wp\/v2\/pages"}],"about":[{"href":"http:\/\/bioenergie-technik.net\/index.php?rest_route=\/wp\/v2\/types\/page"}],"author":[{"embeddable":true,"href":"http:\/\/bioenergie-technik.net\/index.php?rest_route=\/wp\/v2\/users\/1"}],"replies":[{"embeddable":true,"href":"http:\/\/bioenergie-technik.net\/index.php?rest_route=%2Fwp%2Fv2%2Fcomments&post=2"}],"version-history":[{"count":11,"href":"http:\/\/bioenergie-technik.net\/index.php?rest_route=\/wp\/v2\/pages\/2\/revisions"}],"predecessor-version":[{"id":330,"href":"http:\/\/bioenergie-technik.net\/index.php?rest_route=\/wp\/v2\/pages\/2\/revisions\/330"}],"wp:attachment":[{"href":"http:\/\/bioenergie-technik.net\/index.php?rest_route=%2Fwp%2Fv2%2Fmedia&parent=2"}],"curies":[{"name":"wp","href":"https:\/\/api.w.org\/{rel}","templated":true}]}}