{"id":230,"date":"2009-07-30T21:01:47","date_gmt":"2009-07-30T19:01:47","guid":{"rendered":"http:\/\/bioenergie-technik.net\/?page_id=230"},"modified":"2009-07-30T21:07:26","modified_gmt":"2009-07-30T19:07:26","slug":"2009-kaskadierbar","status":"publish","type":"page","link":"http:\/\/bioenergie-technik.net\/?page_id=230","title":{"rendered":"2009 kaskadierbar"},"content":{"rendered":"<p>Der derzeit eingebaute Filter erf\u00fcllt zwar h\u00f6chste Reinigungsanspr\u00fcche, ist aber zu gro\u00df, zu aufw\u00e4ndig und zu teuer um &#8222;marktf\u00e4hig&#8220; zu sein. Er mu\u00df bei gleicher Leistung\u00a0 kleiner, einfacher und billiger werden. Da die in Zukunft erfordlichen Staubwerte unter 20mg vermutlich nur mit nassen oder mindestens feuchten Abscheidern zu erzielen sind, kommt es auch bei Edelstahl zu Korrosion. Es sind Kombinationen mit anderen Materialien wie Silikon und Keramik n\u00f6tig, um diese Probleme zu l\u00f6sen. Ein Prototype wird derzeit angefertigt.<\/p>\n","protected":false},"excerpt":{"rendered":"<p>Der derzeit eingebaute Filter erf\u00fcllt zwar h\u00f6chste Reinigungsanspr\u00fcche, ist aber zu gro\u00df, zu aufw\u00e4ndig und zu teuer um &#8222;marktf\u00e4hig&#8220; zu sein. Er mu\u00df bei gleicher Leistung\u00a0 kleiner, einfacher und billiger werden. Da die in Zukunft erfordlichen Staubwerte unter 20mg vermutlich &hellip; <a href=\"http:\/\/bioenergie-technik.net\/?page_id=230\">Weiterlesen <span class=\"meta-nav\">&rarr;<\/span><\/a><\/p>\n","protected":false},"author":1,"featured_media":0,"parent":0,"menu_order":11,"comment_status":"open","ping_status":"open","template":"","meta":[],"_links":{"self":[{"href":"http:\/\/bioenergie-technik.net\/index.php?rest_route=\/wp\/v2\/pages\/230"}],"collection":[{"href":"http:\/\/bioenergie-technik.net\/index.php?rest_route=\/wp\/v2\/pages"}],"about":[{"href":"http:\/\/bioenergie-technik.net\/index.php?rest_route=\/wp\/v2\/types\/page"}],"author":[{"embeddable":true,"href":"http:\/\/bioenergie-technik.net\/index.php?rest_route=\/wp\/v2\/users\/1"}],"replies":[{"embeddable":true,"href":"http:\/\/bioenergie-technik.net\/index.php?rest_route=%2Fwp%2Fv2%2Fcomments&post=230"}],"version-history":[{"count":2,"href":"http:\/\/bioenergie-technik.net\/index.php?rest_route=\/wp\/v2\/pages\/230\/revisions"}],"predecessor-version":[{"id":236,"href":"http:\/\/bioenergie-technik.net\/index.php?rest_route=\/wp\/v2\/pages\/230\/revisions\/236"}],"wp:attachment":[{"href":"http:\/\/bioenergie-technik.net\/index.php?rest_route=%2Fwp%2Fv2%2Fmedia&parent=230"}],"curies":[{"name":"wp","href":"https:\/\/api.w.org\/{rel}","templated":true}]}}