{"id":26,"date":"2009-07-18T15:24:57","date_gmt":"2009-07-18T13:24:57","guid":{"rendered":"http:\/\/bioenergie-technik.net\/?page_id=26"},"modified":"2018-05-21T21:37:34","modified_gmt":"2018-05-21T19:37:34","slug":"anfange","status":"publish","type":"page","link":"http:\/\/bioenergie-technik.net\/?page_id=26","title":{"rendered":"2002 Anf\u00e4nge"},"content":{"rendered":"<p>Am Anfang war das Feuer, genauer gesagt ein Getreidefeuer in unserem BAXI-Kessel und das damit verbundene Problem einer hohen Staubbelastung im Rauchgas.<\/p>\n<p style=\"text-align: center;\"><a href=\"http:\/\/bioenergie-technik.net\/wp-content\/feuer2.jpg\"><img loading=\"lazy\" class=\"size-medium wp-image-48   aligncenter\" title=\"Getreideflamme\" src=\"http:\/\/bioenergie-technik.net\/wp-content\/feuer2-300x225.jpg\" alt=\"Getreideflamme\" width=\"300\" height=\"225\" srcset=\"http:\/\/bioenergie-technik.net\/wp-content\/feuer2-300x225.jpg 300w, http:\/\/bioenergie-technik.net\/wp-content\/feuer2-1024x768.jpg 1024w, http:\/\/bioenergie-technik.net\/wp-content\/feuer2.jpg 1120w\" sizes=\"(max-width: 300px) 100vw, 300px\" \/><\/a><\/p>\n<p>Nur mit viel Gl\u00fcck erreicht man mit diesem Kessel ohne Sekund\u00e4rma\u00dfnahmen den von der 1. BImSchV geforderten Staubwert von unter 150mg\/m\u00b3.<\/p>\n<p style=\"text-align: center;\"><a href=\"http:\/\/bioenergie-technik.net\/wp-content\/image001.jpg\"><img loading=\"lazy\" class=\"size-medium wp-image-63 \" title=\"Keramikrohr 1\" src=\"http:\/\/bioenergie-technik.net\/wp-content\/image001-225x300.jpg\" alt=\"Keramikrohr 1\" width=\"225\" height=\"300\" srcset=\"http:\/\/bioenergie-technik.net\/wp-content\/image001-225x300.jpg 225w, http:\/\/bioenergie-technik.net\/wp-content\/image001.jpg 600w\" sizes=\"(max-width: 225px) 100vw, 225px\" \/><\/a><\/p>\n<p>Der erste in unsere Anlage eingebaute E-Filter bestand aus einem Keramik-Kaminrohr. Das Rohr hat zwei Vorteile: Es isoliert die Hochspannung und es besitzt eine Zulassung.<\/p>\n<p style=\"text-align: center;\"><a href=\"http:\/\/bioenergie-technik.net\/wp-content\/reinigung1.jpg\"><img loading=\"lazy\" class=\"size-medium wp-image-72  aligncenter\" title=\"Liegender E-Filter\" src=\"http:\/\/bioenergie-technik.net\/wp-content\/reinigung1-300x225.jpg\" alt=\"Liegender E-Filter\" width=\"300\" height=\"225\" srcset=\"http:\/\/bioenergie-technik.net\/wp-content\/reinigung1-300x225.jpg 300w, http:\/\/bioenergie-technik.net\/wp-content\/reinigung1.jpg 640w\" sizes=\"(max-width: 300px) 100vw, 300px\" \/><\/a><\/p>\n<p style=\"text-align: center;\"><a href=\"http:\/\/bioenergie-technik.net\/wp-content\/reinigung2.jpg\"><img loading=\"lazy\" class=\"aligncenter size-medium wp-image-73\" title=\"Blick in das Rohr\" src=\"http:\/\/bioenergie-technik.net\/wp-content\/reinigung2-300x225.jpg\" alt=\"Blick in das Rohr\" width=\"300\" height=\"225\" srcset=\"http:\/\/bioenergie-technik.net\/wp-content\/reinigung2-300x225.jpg 300w, http:\/\/bioenergie-technik.net\/wp-content\/reinigung2.jpg 640w\" sizes=\"(max-width: 300px) 100vw, 300px\" \/><\/a><\/p>\n<p>Ein Draht (oben) diente als Spr\u00fchelektrode und eine 4cm starke Schnecke als Niederschlagselektrode und zum Austrag der Asche. Bei Volllast im Winter funktionierte dieser Austrag, nicht jedoch bei Teillast im Sommer. Die Asche wurde durch Kondensat feucht und rutschte nicht mehr nach.<\/p>\n<p>Mit diesem Filter wurde bei der ersten Messung meiner Heizung durch den Schornsteinfeger eine Staubwert von 70mg\/m\u00b3 erreicht.<\/p>\n","protected":false},"excerpt":{"rendered":"<p>Am Anfang war das Feuer, genauer gesagt ein Getreidefeuer in unserem BAXI-Kessel und das damit verbundene Problem einer hohen Staubbelastung im Rauchgas. Nur mit viel Gl\u00fcck erreicht man mit diesem Kessel ohne Sekund\u00e4rma\u00dfnahmen den von der 1. BImSchV geforderten Staubwert &hellip; <a href=\"http:\/\/bioenergie-technik.net\/?page_id=26\">Weiterlesen <span class=\"meta-nav\">&rarr;<\/span><\/a><\/p>\n","protected":false},"author":1,"featured_media":0,"parent":0,"menu_order":1,"comment_status":"open","ping_status":"open","template":"","meta":[],"_links":{"self":[{"href":"http:\/\/bioenergie-technik.net\/index.php?rest_route=\/wp\/v2\/pages\/26"}],"collection":[{"href":"http:\/\/bioenergie-technik.net\/index.php?rest_route=\/wp\/v2\/pages"}],"about":[{"href":"http:\/\/bioenergie-technik.net\/index.php?rest_route=\/wp\/v2\/types\/page"}],"author":[{"embeddable":true,"href":"http:\/\/bioenergie-technik.net\/index.php?rest_route=\/wp\/v2\/users\/1"}],"replies":[{"embeddable":true,"href":"http:\/\/bioenergie-technik.net\/index.php?rest_route=%2Fwp%2Fv2%2Fcomments&post=26"}],"version-history":[{"count":37,"href":"http:\/\/bioenergie-technik.net\/index.php?rest_route=\/wp\/v2\/pages\/26\/revisions"}],"predecessor-version":[{"id":325,"href":"http:\/\/bioenergie-technik.net\/index.php?rest_route=\/wp\/v2\/pages\/26\/revisions\/325"}],"wp:attachment":[{"href":"http:\/\/bioenergie-technik.net\/index.php?rest_route=%2Fwp%2Fv2%2Fmedia&parent=26"}],"curies":[{"name":"wp","href":"https:\/\/api.w.org\/{rel}","templated":true}]}}