{"id":319,"date":"2018-05-21T21:30:53","date_gmt":"2018-05-21T19:30:53","guid":{"rendered":"http:\/\/bioenergie-technik.net\/?page_id=319"},"modified":"2018-05-21T21:35:08","modified_gmt":"2018-05-21T19:35:08","slug":"datenschutzerklaerung","status":"publish","type":"page","link":"http:\/\/bioenergie-technik.net\/?page_id=319","title":{"rendered":"Datenschutzerkl\u00e4rung"},"content":{"rendered":"<h2>Datenschutz<\/h2>\n<p>Nachfolgend m\u00f6chten wir Sie \u00fcber unsere Datenschutzerkl\u00e4rung informieren. Sie finden hier Informationen \u00fcber die Erhebung und Verwendung pers\u00f6nlicher Daten bei der Nutzung unserer Webseite. Wir beachten dabei das f\u00fcr Deutschland geltende Datenschutzrecht. Sie k\u00f6nnen diese Erkl\u00e4rung jederzeit auf unserer Webseite abrufen. Wir weisen ausdr\u00fccklich darauf hin, dass die Daten\u00fcbertragung im Internet (z.B. bei der Kommunikation per E-Mail) Sicherheitsl\u00fccken aufweisen und nicht l\u00fcckenlos vor dem Zugriff durch Dritte gesch\u00fctzt werden kann. Die Verwendung der Kontaktdaten unseres Impressums zur gewerblichen Werbung ist ausdr\u00fccklich nicht erw\u00fcnscht, es sei denn wir hatten zuvor unsere schriftliche Einwilligung erteilt oder es besteht bereits eine Gesch\u00e4ftsbeziehung. Der Anbieter und alle auf dieser Website genannten Personen widersprechen hiermit jeder kommerziellen Verwendung und Weitergabe ihrer Daten.<\/p>\n<h2>Personenbezogene Daten<\/h2>\n<p>Sie k\u00f6nnen unsere Webseite ohne Angabe personenbezogener Daten besuchen. Soweit auf unseren Seiten personenbezogene Daten (wie Name, Anschrift oder E-Mail Adresse) erhoben werden, erfolgt dies, soweit m\u00f6glich, auf freiwilliger Basis. Diese Daten werden ohne Ihre ausdr\u00fcckliche Zustimmung nicht an Dritte weitergegeben. Sofern zwischen Ihnen und uns ein Vertragsverh\u00e4ltnis begr\u00fcndet, inhaltlich ausgestaltet oder ge\u00e4ndert werden soll oder Sie an uns eine Anfrage stellen, erheben und verwenden wir personenbezogene Daten von Ihnen, soweit dies zu diesen Zwecken erforderlich ist (Bestandsdaten). Wir erheben, verarbeiten und nutzen personenbezogene Daten soweit dies erforderlich ist, um Ihnen die Inanspruchnahme des Webangebots zu erm\u00f6glichen (Nutzungsdaten). S\u00e4mtliche personenbezogenen Daten werden nur solange gespeichert wie dies f\u00fcr den genannten Zweck (Bearbeitung Ihrer Anfrage oder Abwicklung eines Vertrags) erforderlich ist. Hierbei werden steuer- und handelsrechtliche Aufbewahrungsfristen ber\u00fccksichtigt. Auf Anordnung der zust\u00e4ndigen Stellen d\u00fcrfen wir im Einzelfall Auskunft \u00fcber diese Daten (Bestandsdaten) erteilen, soweit dies f\u00fcr Zwecke der Strafverfolgung, zur Gefahrenabwehr, zur Erf\u00fcllung der gesetzlichen Aufgaben der Verfassungsschutzbeh\u00f6rden oder des Milit\u00e4rischen Abschirmdienstes oder zur Durchsetzung der Rechte am geistigen Eigentum erforderlich ist.<\/p>\n<h2>Cookies<\/h2>\n<p>Die Internetseiten verwenden teilweise so genannte Cookies. Cookies richten auf Ihrem Rechner keinen Schaden an und enthalten keine Viren. Cookies dienen dazu, unser Angebot nutzerfreundlicher, effektiver und sicherer zu machen. Cookies sind kleine Textdateien, die auf Ihrem Rechner abgelegt werden und die Ihr Browser speichert. Einige der von uns verwendeten Cookies sind so genannte \u201eSession-Cookies\u201c. Sie werden nach Ende Ihres Besuchs automatisch gel\u00f6scht. Andere Cookies bleiben auf Ihrem Endger\u00e4t gespeichert, bis Sie diese l\u00f6schen. Diese Cookies erm\u00f6glichen es uns, Ihren Browser beim n\u00e4chsten Besuch wiederzuerkennen und ihre zuletzt genutzten Einstellungen, wie z. B. die Sprache, in der die Seite angezeigt werden soll, bei ihrem n\u00e4chsten Besuch automatisch zu nutzen. Sie k\u00f6nnen Ihren Browser so einstellen, dass Sie \u00fcber das Setzen von Cookies informiert werden und Cookies nur im Einzelfall erlauben, die Annahme von Cookies f\u00fcr bestimmte F\u00e4lle oder generell ausschlie\u00dfen sowie das automatische L\u00f6schen der Cookies beim Schlie\u00dfen des Browser aktivieren. Bei der Deaktivierung von Cookies kann die Funktionalit\u00e4t dieser Website eingeschr\u00e4nkt sein.<\/p>\n<h2>Kommentarfunktionen<\/h2>\n<p>Im Rahmen der Kommentarfunktion erheben wir personenbezogene Daten (z.B. Name, E-Mail) im Rahmen Ihrer Kommentierung zu einem Beitrag nur in dem Umfang wie Sie ihn uns mitgeteilt haben. Bei der Ver\u00f6ffentlichung eines Kommentars wird die von Ihnen angegebene Email-Adresse gespeichert, aber nicht ver\u00f6ffentlicht. Ihr Name wird ver\u00f6ffentlicht, wenn Sie nicht unter Pseudonym geschrieben haben.<\/p>\n<h2>Datenschutzerkl\u00e4rung f\u00fcr das Facebook-Plugin (\u201eGef\u00e4llt mir\u201c)<\/h2>\n<p>Diese Webseite nutzt Plugins des Anbieters Facebook.com, welche durch das Unternehmen Facebook Inc., 1601 S. California Avenue, Palo Alto, CA 94304 in den USA bereitgestellt werden. Nutzer unserer Webseite, auf der das Facebook-Plugin (\u201eGef\u00e4llt mir\u201c-Button) installiert ist, werden hiermit darauf hingewiesen, dass durch das Plugin eine Verbindung zu Facebook aufgebaut wird, wodurch eine \u00dcbermittlung an Ihren Browser durchgef\u00fchrt wird, damit das Plugin auf der Webseite erscheint. Des Weiteren werden durch die Nutzung Daten an die Facebook-Server weitergeleitet, welche Informationen \u00fcber Ihre Webseitenbesuche auf unserer Homepage enthalten. Dies hat f\u00fcr eingeloggte Facebook-Nutzer zur Folge, dass die Nutzungsdaten Ihrem pers\u00f6nlichen Facebook-Account zugeordnet werden. Sobald Sie als eingeloggter Facebook-Nutzer aktiv das Facebook-Plugin nutzen (z.B. durch das Klicken auf den \u201eGef\u00e4llt mir\u201c Knopf oder die Nutzung der Kommentarfunktion), werden diese Daten zu Ihrem Facebook-Account \u00fcbertragen und ver\u00f6ffentlicht. Dies k\u00f6nnen Sie nur durch vorheriges Ausloggen aus Ihrem Facebook-Account umgehen. Weitere Information bez\u00fcglich der Datennutzung durch Facebook entnehmen Sie bitte den datenschutzrechtlichen Bestimmungen auf Facebook unter <a href=\"http:\/\/de-de.facebook.com\/policy.php\">http:\/\/de-de.facebook.com\/policy.php<\/a>.<\/p>\n<h2>Datenschutzerkl\u00e4rung f\u00fcr den Webanalysedienst Google Analytics<\/h2>\n<p>Diese Website benutzt Google Analytics, einen Webanalysedienst der Google Inc. (&#8222;Google&#8220;). Google Analytics verwendet sog. &#8222;Cookies&#8220;, Textdateien, die auf Ihrem Computer gespeichert werden und die eine Analyse der Benutzung der Website durch Sie erm\u00f6glichen. Die durch den Cookie erzeugten Informationen \u00fcber Ihre Benutzung dieser Website werden in der Regel an einen Server von Google in den USA \u00fcbertragen und dort gespeichert. Wir haben die IP-Anonymisierung aktiviert. Auf dieser Webseite wird Ihre IP-Adresse von Google daher innerhalb von Mitgliedstaaten der Europ\u00e4ischen Union oder in anderen Vertragsstaaten des Abkommens \u00fcber den Europ\u00e4ischen Wirtschaftsraum zuvor gek\u00fcrzt. Nur in Ausnahmef\u00e4llen wird die volle IP-Adresse an einen Server von Google in den USA \u00fcbertragen und dort gek\u00fcrzt. Im Auftrag des Betreibers dieser Website wird Google diese Informationen benutzen, um Ihre Nutzung der Website auszuwerten, um Reports \u00fcber die Websiteaktivit\u00e4ten zusammenzustellen und um weitere mit der Websitenutzung und der Internetnutzung verbundene Dienstleistungen gegen\u00fcber dem Websitebetreiber zu erbringen. Die im Rahmen von Google Analytics von Ihrem Browser \u00fcbermittelte IP-Adresse wird nicht mit anderen Daten von Google zusammengef\u00fchrt. Sie k\u00f6nnen die Speicherung der Cookies durch eine entsprechende Einstellung Ihrer Browser-Software verhindern; wir weisen Sie jedoch darauf hin, dass Sie in diesem Fall gegebenenfalls nicht s\u00e4mtliche Funktionen dieser Website vollumf\u00e4nglich werden nutzen k\u00f6nnen. Sie k\u00f6nnen dar\u00fcber hinaus die Erfassung der durch das Cookie erzeugten und auf Ihre Nutzung der Website bezogenen Daten (inkl. Ihrer IP-Adresse) an Google sowie die Verarbeitung dieser Daten durch Google verhindern, indem sie das unter dem folgenden Link verf\u00fcgbare Browser-Plugin herunterladen und installieren: <a href=\"http:\/\/tools.google.com\/dlpage\/gaoptout?hl=de\">http:\/\/tools.google.com\/dlpage\/gaoptout?hl=de<\/a><\/p>\n<h2>Datenschutzerkl\u00e4rung f\u00fcr die Nutzung von Microsoft Application Insights<\/h2>\n<p>Auf unseren Internetseiten und f\u00fcr unsere Internetdienste nutzen wird Application Insights, einen Webanalysedienst der Microsoft Corporation, One Microsoft Way, Redmond, WA 98052-6399, USA (\u201eMicrosoft\u201c).<\/p>\n<p>Application Insights legt in dem Browser des Webseitenbesuchers ein Cookie ab, das eine Analyse der Benutzung der Webseite durch Sie erm\u00f6glicht. Die durch das Cookie erzeugten Informationen \u00fcber Ihre Benutzung unserer Webseite werden in der Regel an einen Server von Microsoft in den USA \u00fcbertragen und dort gespeichert. Im unserem Auftrag als Webseitenbetreiber wird Microsoft diese Informationen benutzen, um Ihre Nutzung der Webseite auszuwerten, um Reports \u00fcber die Webseitenaktivit\u00e4ten zusammenzustellen und um weitere mit der Webseitennutzung und der Internetnutzung verbundene Dienstleistungen gegen\u00fcber uns als Webseitenbetreiber zu erbringen. Sie k\u00f6nnen das erforderliche Platzieren eines Cookies ablehnen \u2013 etwa durch eine Einstellung in Ihrem Browser, die das automatische Setzen von Cookies generell deaktiviert oder Ihren Browser so einstellen, dass Cookies von Microsoft blockiert werden. Wir weisen jedoch darauf hin, dass Sie in diesem Fall gegebenenfalls nicht s\u00e4mtliche Funktionen unserer Webseite vollumf\u00e4nglich werden nutzen k\u00f6nnen.<\/p>\n<p>Weitergehende Informationen von Microsoft zum Thema Datenschutz und Azure finden Sie unter: <a href=\"http:\/\/azure.microsoft.com\/de-de\/support\/trust-center\/privacy\/\">http:\/\/azure.microsoft.com\/de-de\/support\/trust-center\/privacy\/<\/a><\/p>\n<h2>Datenschutzerkl\u00e4rung f\u00fcr die Nutzung von dem Webmessagedienst twitter.com<\/h2>\n<p>Wir haben auf unserer Webseite auch den Webmessagedienst twitter.com integriert. Dieser wird durch die Twitter Inc., 1355 Market St, Suite 900, San Francisco, CA 94103, USA bereitgestellt. Twitter bietet die sog. \u201eTweet\u201c \u2013 Funktion an. Damit kann man 140 Zeichen lange Nachrichten auch mit Webseitenlinks in seinem eigenen Twitteraccount ver\u00f6ffentlichen. Wenn Sie die \u201eTweet\u201c-Funktion von Twitter auf unseren Webseiten nutzen, wird die jeweilige Webseite mit Ihrem Account auf Twitter verkn\u00fcpft und dort ggf. \u00f6ffentlich bekannt gegeben. Hierbei werden auch Daten an Twitter \u00fcbertragen. Von dem Inhalt der \u00fcbermittelten Daten und deren Nutzung durch Twitter erhalten wir keine Kenntnis. Konsultieren Sie daher f\u00fcr weitere Informationen die Datenschutzerkl\u00e4rung von Twitter: <a href=\"http:\/\/twitter.com\/privacy\">http:\/\/twitter.com\/privacy<\/a> Twitter bietet Ihnen unter nachfolgendem Link die M\u00f6glichkeit, Ihre Datenschutzeinstellungen selbst festzulegen: <a href=\"http:\/\/twitter.com\/account\/settings\">http:\/\/twitter.com\/account\/settings<\/a><\/p>\n<h2>Datenschutzbestimmungen zu Einsatz und Verwendung von YouTube<\/h2>\n<p>Der f\u00fcr die Verarbeitung Verantwortliche hat auf dieser Internetseite Komponenten von YouTube integriert. YouTube ist ein Internet-Videoportal, dass Video-Publishern das kostenlose Einstellen von Videoclips und anderen Nutzern die ebenfalls kostenfreie Betrachtung, Bewertung und Kommentierung dieser erm\u00f6glicht. YouTube gestattet die Publikation aller Arten von Videos, weshalb sowohl komplette Film- und Fernsehsendungen, aber auch Musikvideos, Trailer oder von Nutzern selbst angefertigte Videos \u00fcber das Internetportal abrufbar sind.<\/p>\n<p>Betreibergesellschaft von YouTube ist die YouTube, LLC, 901 Cherry Ave., San Bruno, CA 94066, USA. Die YouTube, LLC ist einer Tochtergesellschaft der Google Inc., 1600 Amphitheatre Pkwy, Mountain View, CA 94043-1351, USA.<\/p>\n<p>Durch jeden Aufruf einer der Einzelseiten dieser Internetseite, die durch den f\u00fcr die Verarbeitung Verantwortlichen betrieben wird und auf welcher eine YouTube-Komponente (YouTube-Video) integriert wurde, wird der Internetbrowser auf dem informationstechnologischen System der betroffenen Person automatisch durch die jeweilige YouTube-Komponente veranlasst, eine Darstellung der entsprechenden YouTube-Komponente von YouTube herunterzuladen. Weitere Informationen zu YouTube k\u00f6nnen unter <a href=\"https:\/\/www.youtube.com\/yt\/about\/de\/\">https:\/\/www.youtube.com\/yt\/about\/de\/<\/a> abgerufen werden. Im Rahmen dieses technischen Verfahrens erhalten YouTube und Google Kenntnis dar\u00fcber, welche konkrete Unterseite unserer Internetseite durch die betroffene Person besucht wird.<\/p>\n<p>Sofern die betroffene Person gleichzeitig bei YouTube eingeloggt ist, erkennt YouTube mit dem Aufruf einer Unterseite, die ein YouTube-Video enth\u00e4lt, welche konkrete Unterseite unserer Internetseite die betroffene Person besucht. Diese Informationen werden durch YouTube und Google gesammelt und dem jeweiligen YouTube-Account der betroffenen Person zugeordnet.<\/p>\n<p>YouTube und Google erhalten \u00fcber die YouTube-Komponente immer dann eine Information dar\u00fcber, dass die betroffene Person unsere Internetseite besucht hat, wenn die betroffene Person zum Zeitpunkt des Aufrufs unserer Internetseite gleichzeitig bei YouTube eingeloggt ist; dies findet unabh\u00e4ngig davon statt, ob die betroffene Person ein YouTube-Video anklickt oder nicht. Ist eine derartige \u00dcbermittlung dieser Informationen an YouTube und Google von der betroffenen Person nicht gewollt, kann diese die \u00dcbermittlung dadurch verhindern, dass sie sich vor einem Aufruf unserer Internetseite aus ihrem YouTube-Account ausloggt.<\/p>\n<p>Die von YouTube ver\u00f6ffentlichten Datenschutzbestimmungen, die unter\t<a href=\"https:\/\/www.google.de\/intl\/de\/policies\/privacy\/\">https:\/\/www.google.de\/intl\/de\/policies\/privacy\/<\/a> abrufbar sind, geben Aufschluss \u00fcber die Erhebung, Verarbeitung und Nutzung personenbezogener Daten durch YouTube und Google.<\/p>\n<h2>Datenschutzbestimmungen zu Einsatz und Verwendung von Jetpack f\u00fcr WordPress<\/h2>\n<p>Der f\u00fcr die Verarbeitung Verantwortliche hat auf dieser Internetseite Jetpack integriert. Jetpack ist ein WordPress-Plug-In, welches dem Betreiber einer Internetseite, die auf WordPress aufbaut, zus\u00e4tzliche Funktionen bietet. Jetpack gestattet dem Internetseitenbetreiber unter anderem eine \u00dcbersicht \u00fcber die Besucher der Seite. Durch die Anzeige von verwandten Beitr\u00e4gen und Publikationen oder die M\u00f6glichkeit, Inhalte auf der Seite zu teilen, ist ferner die Steigerung der Besucherzahlen m\u00f6glich. Au\u00dferdem sind Sicherheitsfunktionen in Jetpack integriert, sodass eine Jetpack nutzende Internetseite besser gegen Brute-Force-Attacken gesch\u00fctzt ist. Jetpack optimiert und beschleunigt ferner das Laden der auf der Internetseite integrierten Bilder.<\/p>\n<p>Betreibergesellschaft des Jetpack-Plug-Ins f\u00fcr WordPress ist die Automattic Inc., 132 Hawthorne Street, San Francisco, CA 94107, USA. Die Betreibergesellschaft setzt die Trackingtechnologie der Quantcast Inc., 201 Third Street, San Francisco, CA 94103, USA, ein.<\/p>\n<p>Jetpack setzt ein Cookie auf dem informationstechnologischen System der betroffenen Person. Was Cookies sind, wurde oben bereits erl\u00e4utert. Durch jeden Aufruf einer der Einzelseiten dieser Internetseite, die durch den f\u00fcr die Verarbeitung Verantwortlichen betrieben wird und auf welcher eine Jetpack-Komponente integriert wurde, wird der Internetbrowser auf dem informationstechnologischen System der betroffenen Person automatisch durch die jeweilige Jetpack-Komponente veranlasst, Daten zur Analysezwecken an Automattic zu \u00fcbermitteln. Im Rahmen dieses technischen Verfahrens erh\u00e4lt Automattic Kenntnis \u00fcber Daten, die in der Folge zur Erstellung einer \u00dcbersicht der Internetseiten-Besuche verwendet werden. Die so gewonnenen Daten dienen der Analyse des Verhaltens der betroffenen Person, welche auf die Internetseite des f\u00fcr die Verarbeitung Verantwortlichen zugegriffen hat und werden mit dem Ziel, die Internetseite zu optimieren, ausgewertet. Die \u00fcber die Jetpack-Komponente erhobenen Daten werden nicht ohne eine vorherige Einholung einer gesonderten ausdr\u00fccklichen Einwilligung der betroffenen Person dazu genutzt, die betroffene Person zu identifizieren. Die Daten gelangen ferner Quantcast zur Kenntnis. Quantcast nutzt die Daten zu den gleichen Zwecken wie Automattic.<\/p>\n<p>Die betroffene Person kann die Setzung von Cookies durch unsere Internetseite, wie oben bereits dargestellt, jederzeit mittels einer entsprechenden Einstellung des genutzten Internetbrowsers verhindern und damit der Setzung von Cookies dauerhaft widersprechen. Eine solche Einstellung des genutzten Internetbrowsers w\u00fcrde auch verhindern, dass Automattic\/Quantcast ein Cookie auf dem informationstechnologischen System der betroffenen Person setzt. Zudem k\u00f6nnen von Automattic bereits gesetzte Cookies jederzeit \u00fcber den Internetbrowser oder andere Softwareprogramme gel\u00f6scht werden.<\/p>\n<p>Ferner besteht f\u00fcr die betroffene Person die M\u00f6glichkeit, einer Erfassung der durch das Jetpack-Cookie erzeugten, auf eine Nutzung dieser Internetseite bezogenen Daten sowie der Verarbeitung dieser Daten durch Automattic\/Quantcast zu widersprechen und eine solche zu verhindern. Hierzu muss die betroffene Person den Opt-Out-Button unter dem Link <a href=\"https:\/\/www.quantcast.com\/opt-out\/\">https:\/\/www.quantcast.com\/opt-out\/<\/a> dr\u00fccken, der einen Opt-Out-Cookie setzt. Der mit dem Widerspruch gesetzte Opt-Out-Cookie wird auf dem von der betroffenen Person genutzten informationstechnologischen System abgelegt. Werden die Cookies auf dem System der betroffenen Person nach einem Widerspruch gel\u00f6scht, muss die betroffene Person den Link erneut aufrufen und einen neuen Opt-Out-Cookie setzen.<\/p>\n<p>Mit der Setzung des Opt-Out-Cookies besteht jedoch die M\u00f6glichkeit, dass die Internetseiten des f\u00fcr die Verarbeitung Verantwortlichen f\u00fcr die betroffene Person nicht mehr vollumf\u00e4nglich nutzbar sind.<\/p>\n<p>Die geltenden Datenschutzbestimmungen von Automattic sind unter <a href=\"https:\/\/automattic.com\/privacy\/\">https:\/\/automattic.com\/privacy\/<\/a> abrufbar. Die geltenden Datenschutzbestimmungen von Quantcast sind unter <a href=\"https:\/\/www.quantcast.com\/privacy\/\">https:\/\/www.quantcast.com\/privacy\/<\/a> abrufbar.<\/p>\n<h2>Auskunftsrecht<\/h2>\n<p>Sie haben das jederzeitige Recht, sich unentgeltlich und unverz\u00fcglich \u00fcber die zu Ihrer Person erhobenen Daten zu erkundigen. Sie haben das jederzeitige Recht, Ihre Zustimmung zur Verwendung Ihrer angegeben pers\u00f6nlichen Daten mit Wirkung f\u00fcr die Zukunft zu widerrufen. Zur Auskunftserteilung wenden Sie sich bitte an den Anbieter unter den Kontaktdaten im Impressum. Cookies Die Internetseiten verwenden teilweise so genannte Cookies. Cookies richten auf Ihrem Rechner keinen Schaden an und enthalten keine Viren. Cookies dienen dazu, unser Angebot nutzerfreundlicher, effektiver und sicherer zu machen. Cookies sind kleine Textdateien, die auf Ihrem Rechner abgelegt werden und die Ihr Browser speichert. Einige der von uns verwendeten Cookies sind so genannte \u201eSession-Cookies\u201c. Sie werden nach Ende Ihres Besuchs automatisch gel\u00f6scht. Andere Cookies bleiben auf Ihrem Endger\u00e4t gespeichert, bis Sie diese l\u00f6schen. Diese Cookies erm\u00f6glichen es uns, Ihren Browser beim n\u00e4chsten Besuch wiederzuerkennen und ihre zuletzt genutzten Einstellungen, wie z. B. die Sprache, in der die Seite angezeigt werden soll, bei ihrem n\u00e4chsten Besuch automatisch zu nutzen. Sie k\u00f6nnen Ihren Browser so einstellen, dass Sie \u00fcber das Setzen von Cookies informiert werden und Cookies nur im Einzelfall erlauben, die Annahme von Cookies f\u00fcr bestimmte F\u00e4lle oder generell ausschlie\u00dfen sowie das automatische L\u00f6schen der Cookies beim Schlie\u00dfen des Browser aktivieren. Bei der Deaktivierung von Cookies kann die Funktionalit\u00e4t dieser Website eingeschr\u00e4nkt sein.<\/p>\n<h2>Kontakt<\/h2>\n<p><a href=\"mailto:datenschutz@ffw-wangen.de\">datenschutz@ffw-wangen.de<\/a><\/p>\n","protected":false},"excerpt":{"rendered":"<p>Datenschutz Nachfolgend m\u00f6chten wir Sie \u00fcber unsere Datenschutzerkl\u00e4rung informieren. Sie finden hier Informationen \u00fcber die Erhebung und Verwendung pers\u00f6nlicher Daten bei der Nutzung unserer Webseite. Wir beachten dabei das f\u00fcr Deutschland geltende Datenschutzrecht. Sie k\u00f6nnen diese Erkl\u00e4rung jederzeit auf unserer &hellip; <a href=\"http:\/\/bioenergie-technik.net\/?page_id=319\">Weiterlesen <span class=\"meta-nav\">&rarr;<\/span><\/a><\/p>\n","protected":false},"author":1,"featured_media":0,"parent":321,"menu_order":0,"comment_status":"closed","ping_status":"closed","template":"","meta":[],"_links":{"self":[{"href":"http:\/\/bioenergie-technik.net\/index.php?rest_route=\/wp\/v2\/pages\/319"}],"collection":[{"href":"http:\/\/bioenergie-technik.net\/index.php?rest_route=\/wp\/v2\/pages"}],"about":[{"href":"http:\/\/bioenergie-technik.net\/index.php?rest_route=\/wp\/v2\/types\/page"}],"author":[{"embeddable":true,"href":"http:\/\/bioenergie-technik.net\/index.php?rest_route=\/wp\/v2\/users\/1"}],"replies":[{"embeddable":true,"href":"http:\/\/bioenergie-technik.net\/index.php?rest_route=%2Fwp%2Fv2%2Fcomments&post=319"}],"version-history":[{"count":1,"href":"http:\/\/bioenergie-technik.net\/index.php?rest_route=\/wp\/v2\/pages\/319\/revisions"}],"predecessor-version":[{"id":320,"href":"http:\/\/bioenergie-technik.net\/index.php?rest_route=\/wp\/v2\/pages\/319\/revisions\/320"}],"up":[{"embeddable":true,"href":"http:\/\/bioenergie-technik.net\/index.php?rest_route=\/wp\/v2\/pages\/321"}],"wp:attachment":[{"href":"http:\/\/bioenergie-technik.net\/index.php?rest_route=%2Fwp%2Fv2%2Fmedia&parent=319"}],"curies":[{"name":"wp","href":"https:\/\/api.w.org\/{rel}","templated":true}]}}