{"id":91,"date":"2009-07-18T20:31:36","date_gmt":"2009-07-18T18:31:36","guid":{"rendered":"http:\/\/bioenergie-technik.net\/?page_id=91"},"modified":"2018-05-21T21:37:34","modified_gmt":"2018-05-21T19:37:34","slug":"2004-neue-elektrode","status":"publish","type":"page","link":"http:\/\/bioenergie-technik.net\/?page_id=91","title":{"rendered":"2004 Neue Elektrode"},"content":{"rendered":"<p>Die Abreinigung der Spr\u00fchelektrode w\u00e4hrend des Betriebes(!) ist ein schwieriges Problem. Ein L\u00f6sungsansatz ist, wenn man die Elektrode r\u00e4umlich konzentriert:\u00a0 Der lange Draht wird zur kompakten Drahtb\u00fcrste.<\/p>\n<p style=\"text-align: center;\"><a href=\"http:\/\/bioenergie-technik.net\/wp-content\/elektrode-1.jpg\"><img loading=\"lazy\" class=\"aligncenter size-medium wp-image-92\" title=\"PTFE-Elektrode 1\" src=\"http:\/\/bioenergie-technik.net\/wp-content\/elektrode-1-300x225.jpg\" alt=\"PTFE-Elektrode 1\" width=\"300\" height=\"225\" srcset=\"http:\/\/bioenergie-technik.net\/wp-content\/elektrode-1-300x225.jpg 300w, http:\/\/bioenergie-technik.net\/wp-content\/elektrode-1-1024x768.jpg 1024w, http:\/\/bioenergie-technik.net\/wp-content\/elektrode-1.jpg 1280w\" sizes=\"(max-width: 300px) 100vw, 300px\" \/><\/a><\/p>\n<p style=\"text-align: center;\"><a href=\"http:\/\/bioenergie-technik.net\/wp-content\/elektrode-2.jpg\"><img loading=\"lazy\" class=\"aligncenter size-medium wp-image-93\" title=\"PTFE-Elektrode2\" src=\"http:\/\/bioenergie-technik.net\/wp-content\/elektrode-2-300x225.jpg\" alt=\"PTFE-Elektrode2\" width=\"300\" height=\"225\" srcset=\"http:\/\/bioenergie-technik.net\/wp-content\/elektrode-2-300x225.jpg 300w, http:\/\/bioenergie-technik.net\/wp-content\/elektrode-2-1024x768.jpg 1024w, http:\/\/bioenergie-technik.net\/wp-content\/elektrode-2.jpg 1280w\" sizes=\"(max-width: 300px) 100vw, 300px\" \/><\/a><\/p>\n<p style=\"text-align: left;\">Diese Konstruktion aus Teflon (PTFE) erm\u00f6glicht eine Abreinigung der B\u00fcrste mittels Druckluft, welche in einem Kanal parallel zur Hochspannungsversorgung von aussen zugef\u00fchrt werden kann.<\/p>\n<p><object classid=\"clsid:d27cdb6e-ae6d-11cf-96b8-444553540000\" width=\"425\" height=\"344\" codebase=\"http:\/\/download.macromedia.com\/pub\/shockwave\/cabs\/flash\/swflash.cab#version=6,0,40,0\"><param name=\"allowFullScreen\" value=\"true\" \/><param name=\"allowscriptaccess\" value=\"always\" \/><param name=\"src\" value=\"http:\/\/www.youtube.com\/v\/CqzUcPbbhDg&amp;hl=de&amp;fs=1&amp;\" \/><param name=\"allowfullscreen\" value=\"true\" \/><embed type=\"application\/x-shockwave-flash\" width=\"425\" height=\"344\" src=\"http:\/\/www.youtube.com\/v\/CqzUcPbbhDg&amp;hl=de&amp;fs=1&amp;\" allowscriptaccess=\"always\" allowfullscreen=\"true\"\/><\/object><\/p>\n<p style=\"text-align: left;\">Auf diesem Viedeo erkennt man, dass sich die Partikel in einer engen Zone direkt gegen\u00fcber der Spr\u00fchelektrode\u00a0 niederschlagen.<\/p>\n<p><a href=\"http:\/\/bioenergie-technik.net\/wp-content\/12010008-800.jpg\"><img loading=\"lazy\" class=\"aligncenter size-medium wp-image-111\" title=\"Elektrode vor der Pr\u00fcfung\" src=\"http:\/\/bioenergie-technik.net\/wp-content\/12010008-800-300x245.jpg\" alt=\"Elektrode vor der Pr\u00fcfung\" width=\"300\" height=\"245\" srcset=\"http:\/\/bioenergie-technik.net\/wp-content\/12010008-800-300x245.jpg 300w, http:\/\/bioenergie-technik.net\/wp-content\/12010008-800.jpg 800w\" sizes=\"(max-width: 300px) 100vw, 300px\" \/><\/a><\/p>\n<p style=\"text-align: center;\">Elektrode vor Versand nach D\u00e4nemark<\/p>\n<p style=\"text-align: left;\">Diese Filter-Elektrode wurde im Dezember 2005 vom D\u00e4nischen Technologischen Institut gemeinsam mit einem PH-23-Kessels der Firma P&amp;H Energy (<a title=\"P&amp;H Energy\" href=\"http:\/\/www.ph-energy.dk\" target=\"_blank\">www.ph-energy.dk<\/a>) gepr\u00fcft.<\/p>\n<p><a href=\"http:\/\/bioenergie-technik.net\/wp-content\/01100006-800.jpg\"><img loading=\"lazy\" class=\"aligncenter size-medium wp-image-113\" title=\"Elektrode mit erkennbaren Feldlinien\" src=\"http:\/\/bioenergie-technik.net\/wp-content\/01100006-800-300x225.jpg\" alt=\"Elektrode mit erkennbaren Feldlinien\" width=\"300\" height=\"225\" srcset=\"http:\/\/bioenergie-technik.net\/wp-content\/01100006-800-300x225.jpg 300w, http:\/\/bioenergie-technik.net\/wp-content\/01100006-800.jpg 800w\" sizes=\"(max-width: 300px) 100vw, 300px\" \/><\/a><\/p>\n<p style=\"text-align: center;\">Elektrode nach dem Pr\u00fcfeinsatz,<br \/>\nman erkennt die Feldlinien der Hochspannung\n<\/p>\n<p style=\"text-align: left;\">Dabei wurde eine Staubreduzierung auf 70g\/m\u00b3 erreicht.\u00a0 \u00dcbersetzung des Orginalberichtes:\u00a0 <a href=\"http:\/\/bioenergie-technik.net\/wp-content\/776771_300-elab-1070deutsch-ph-23-prufbericht-getreide.pdf\">ph-23-prufbericht-getreide-deutsch.pdf <\/a><\/p>\n<p style=\"text-align: left;\">Zitat aus diesem Pr\u00fcfbericht:<br \/>\n&#8222;Durch den Elektrofilter sammeln sich gr\u00f6\u00dfere Mengen Flugasche im Abgaskanal an, wodurch h\u00e4ufige Reinigung erforderlich wird. Dies muss bei der Kesselinstallation beachtet werden.&#8220;<\/p>\n<p><a href=\"http:\/\/bioenergie-technik.net\/wp-content\/filter_wespennest1.jpg\"><img loading=\"lazy\" class=\"aligncenter size-medium wp-image-103\" title=\"Aschenniederschlag\" src=\"http:\/\/bioenergie-technik.net\/wp-content\/filter_wespennest1-300x300.jpg\" alt=\"Aschenniederschlag\" width=\"300\" height=\"300\" srcset=\"http:\/\/bioenergie-technik.net\/wp-content\/filter_wespennest1-300x300.jpg 300w, http:\/\/bioenergie-technik.net\/wp-content\/filter_wespennest1-250x250.jpg 250w, http:\/\/bioenergie-technik.net\/wp-content\/filter_wespennest1.jpg 800w\" sizes=\"(max-width: 300px) 100vw, 300px\" \/><\/a>\n<\/p>\n<p style=\"text-align: left;\">In der Praxis f\u00fchrt der konzentrierte Niederschlag der Asche bei hohem Staubanfall (Getreideheizung) innerhalb weniger Tage zum Verschlu\u00df des Ofenrohres. Das obige Bild zeigt diesen Effekt. Ohne permanente Abreinigung der Niederschlagsfl\u00e4che ist diese Art des Filters daher nur bedingt praxistauglich.<\/p>\n","protected":false},"excerpt":{"rendered":"<p>Die Abreinigung der Spr\u00fchelektrode w\u00e4hrend des Betriebes(!) ist ein schwieriges Problem. Ein L\u00f6sungsansatz ist, wenn man die Elektrode r\u00e4umlich konzentriert:\u00a0 Der lange Draht wird zur kompakten Drahtb\u00fcrste. Diese Konstruktion aus Teflon (PTFE) erm\u00f6glicht eine Abreinigung der B\u00fcrste mittels Druckluft, welche &hellip; <a href=\"http:\/\/bioenergie-technik.net\/?page_id=91\">Weiterlesen <span class=\"meta-nav\">&rarr;<\/span><\/a><\/p>\n","protected":false},"author":1,"featured_media":0,"parent":0,"menu_order":3,"comment_status":"open","ping_status":"open","template":"","meta":[],"_links":{"self":[{"href":"http:\/\/bioenergie-technik.net\/index.php?rest_route=\/wp\/v2\/pages\/91"}],"collection":[{"href":"http:\/\/bioenergie-technik.net\/index.php?rest_route=\/wp\/v2\/pages"}],"about":[{"href":"http:\/\/bioenergie-technik.net\/index.php?rest_route=\/wp\/v2\/types\/page"}],"author":[{"embeddable":true,"href":"http:\/\/bioenergie-technik.net\/index.php?rest_route=\/wp\/v2\/users\/1"}],"replies":[{"embeddable":true,"href":"http:\/\/bioenergie-technik.net\/index.php?rest_route=%2Fwp%2Fv2%2Fcomments&post=91"}],"version-history":[{"count":23,"href":"http:\/\/bioenergie-technik.net\/index.php?rest_route=\/wp\/v2\/pages\/91\/revisions"}],"predecessor-version":[{"id":327,"href":"http:\/\/bioenergie-technik.net\/index.php?rest_route=\/wp\/v2\/pages\/91\/revisions\/327"}],"wp:attachment":[{"href":"http:\/\/bioenergie-technik.net\/index.php?rest_route=%2Fwp%2Fv2%2Fmedia&parent=91"}],"curies":[{"name":"wp","href":"https:\/\/api.w.org\/{rel}","templated":true}]}}